{"id":972,"date":"2020-09-04T06:17:30","date_gmt":"2020-09-04T06:17:30","guid":{"rendered":"https:\/\/chateaulesestournels.com\/contact\/"},"modified":"2020-10-03T04:35:33","modified_gmt":"2020-10-03T04:35:33","slug":"contact","status":"publish","type":"page","link":"https:\/\/chateaulesestournels.com\/fr\/contact\/","title":{"rendered":"Contact"},"content":{"rendered":"<p>[fusion_builder_container admin_label=\u00a0\u00bbSend us an email\u00a0\u00bb type=\u00a0\u00bbflex\u00a0\u00bb hundred_percent=\u00a0\u00bbno\u00a0\u00bb hundred_percent_height=\u00a0\u00bbno\u00a0\u00bb min_height=\u00a0\u00bb\u00a0\u00bb hundred_percent_height_scroll=\u00a0\u00bbno\u00a0\u00bb align_content=\u00a0\u00bbstretch\u00a0\u00bb flex_align_items=\u00a0\u00bbflex-start\u00a0\u00bb flex_justify_content=\u00a0\u00bbflex-start\u00a0\u00bb flex_column_spacing=\u00a0\u00bb\u00a0\u00bb hundred_percent_height_center_content=\u00a0\u00bbyes\u00a0\u00bb equal_height_columns=\u00a0\u00bbno\u00a0\u00bb container_tag=\u00a0\u00bbdiv\u00a0\u00bb menu_anchor=\u00a0\u00bb\u00a0\u00bb hide_on_mobile=\u00a0\u00bbno\u00a0\u00bb status=\u00a0\u00bbpublished\u00a0\u00bb publish_date=\u00a0\u00bb\u00a0\u00bb class=\u00a0\u00bb\u00a0\u00bb id=\u00a0\u00bb\u00a0\u00bb link_color=\u00a0\u00bb\u00a0\u00bb link_hover_color=\u00a0\u00bb\u00a0\u00bb border_sizes_top=\u00a0\u00bb0px\u00a0\u00bb border_sizes_right=\u00a0\u00bb0px\u00a0\u00bb border_sizes_bottom=\u00a0\u00bb1px\u00a0\u00bb border_sizes_left=\u00a0\u00bb0px\u00a0\u00bb border_color=\u00a0\u00bb#000000&Prime; border_style=\u00a0\u00bbsolid\u00a0\u00bb margin_top_medium=\u00a0\u00bb\u00a0\u00bb margin_bottom_medium=\u00a0\u00bb\u00a0\u00bb margin_top_small=\u00a0\u00bb\u00a0\u00bb margin_bottom_small=\u00a0\u00bb\u00a0\u00bb margin_top=\u00a0\u00bb\u00a0\u00bb margin_bottom=\u00a0\u00bb\u00a0\u00bb padding_top_medium=\u00a0\u00bb\u00a0\u00bb padding_right_medium=\u00a0\u00bb\u00a0\u00bb padding_bottom_medium=\u00a0\u00bb\u00a0\u00bb padding_left_medium=\u00a0\u00bb\u00a0\u00bb padding_top_small=\u00a0\u00bb\u00a0\u00bb padding_right_small=\u00a0\u00bb\u00a0\u00bb padding_bottom_small=\u00a0\u00bb\u00a0\u00bb padding_left_small=\u00a0\u00bb\u00a0\u00bb padding_top=\u00a0\u00bb50px\u00a0\u00bb padding_right=\u00a0\u00bb\u00a0\u00bb padding_bottom=\u00a0\u00bb40px\u00a0\u00bb padding_left=\u00a0\u00bb\u00a0\u00bb box_shadow=\u00a0\u00bbno\u00a0\u00bb box_shadow_vertical=\u00a0\u00bb\u00a0\u00bb box_shadow_horizontal=\u00a0\u00bb\u00a0\u00bb box_shadow_blur=\u00a0\u00bb0&Prime; box_shadow_spread=\u00a0\u00bb0&Prime; box_shadow_color=\u00a0\u00bb\u00a0\u00bb box_shadow_style=\u00a0\u00bb\u00a0\u00bb z_index=\u00a0\u00bb\u00a0\u00bb overflow=\u00a0\u00bb\u00a0\u00bb gradient_start_color=\u00a0\u00bb\u00a0\u00bb gradient_end_color=\u00a0\u00bb\u00a0\u00bb gradient_start_position=\u00a0\u00bb0&Prime; gradient_end_position=\u00a0\u00bb100&Prime; gradient_type=\u00a0\u00bblinear\u00a0\u00bb radial_direction=\u00a0\u00bbcenter center\u00a0\u00bb linear_angle=\u00a0\u00bb180&Prime; background_color=\u00a0\u00bb\u00a0\u00bb background_image=\u00a0\u00bb\u00a0\u00bb background_position=\u00a0\u00bbleft top\u00a0\u00bb background_repeat=\u00a0\u00bbno-repeat\u00a0\u00bb fade=\u00a0\u00bbno\u00a0\u00bb background_parallax=\u00a0\u00bbnone\u00a0\u00bb enable_mobile=\u00a0\u00bbno\u00a0\u00bb parallax_speed=\u00a0\u00bb0.3&Prime; background_blend_mode=\u00a0\u00bbnone\u00a0\u00bb video_mp4=\u00a0\u00bb\u00a0\u00bb video_webm=\u00a0\u00bb\u00a0\u00bb video_ogv=\u00a0\u00bb\u00a0\u00bb video_url=\u00a0\u00bb\u00a0\u00bb video_aspect_ratio=\u00a0\u00bb16:9&Prime; video_loop=\u00a0\u00bbyes\u00a0\u00bb video_mute=\u00a0\u00bbyes\u00a0\u00bb video_preview_image=\u00a0\u00bb\u00a0\u00bb absolute=\u00a0\u00bboff\u00a0\u00bb absolute_devices=\u00a0\u00bbsmall,medium,large\u00a0\u00bb sticky=\u00a0\u00bboff\u00a0\u00bb sticky_devices=\u00a0\u00bbsmall-visibility,medium-visibility,large-visibility\u00a0\u00bb sticky_background_color=\u00a0\u00bb\u00a0\u00bb sticky_height=\u00a0\u00bb\u00a0\u00bb sticky_offset=\u00a0\u00bb\u00a0\u00bb sticky_transition_offset=\u00a0\u00bb0&Prime; scroll_offset=\u00a0\u00bb0&Prime; animation_type=\u00a0\u00bb\u00a0\u00bb animation_direction=\u00a0\u00bbleft\u00a0\u00bb animation_speed=\u00a0\u00bb0.3&Prime; animation_offset=\u00a0\u00bb\u00a0\u00bb filter_hue=\u00a0\u00bb0&Prime; filter_saturation=\u00a0\u00bb100&Prime; filter_brightness=\u00a0\u00bb100&Prime; filter_contrast=\u00a0\u00bb100&Prime; filter_invert=\u00a0\u00bb0&Prime; filter_sepia=\u00a0\u00bb0&Prime; filter_opacity=\u00a0\u00bb100&Prime; filter_blur=\u00a0\u00bb0&Prime; filter_hue_hover=\u00a0\u00bb0&Prime; filter_saturation_hover=\u00a0\u00bb100&Prime; filter_brightness_hover=\u00a0\u00bb100&Prime; filter_contrast_hover=\u00a0\u00bb100&Prime; filter_invert_hover=\u00a0\u00bb0&Prime; filter_sepia_hover=\u00a0\u00bb0&Prime; filter_opacity_hover=\u00a0\u00bb100&Prime; filter_blur_hover=\u00a0\u00bb0&Prime;][fusion_builder_row][fusion_builder_column type=\u00a0\u00bb1_1&Prime; layout=\u00a0\u00bb1_1&Prime; spacing=\u00a0\u00bbyes\u00a0\u00bb center_content=\u00a0\u00bbno\u00a0\u00bb hover_type=\u00a0\u00bbnone\u00a0\u00bb link=\u00a0\u00bb\u00a0\u00bb min_height=\u00a0\u00bbnone\u00a0\u00bb hide_on_mobile=\u00a0\u00bbno\u00a0\u00bb class=\u00a0\u00bb\u00a0\u00bb id=\u00a0\u00bb\u00a0\u00bb background_color=\u00a0\u00bb\u00a0\u00bb background_image=\u00a0\u00bb\u00a0\u00bb background_position=\u00a0\u00bbleft top\u00a0\u00bb undefined=\u00a0\u00bb\u00a0\u00bb background_repeat=\u00a0\u00bbno-repeat\u00a0\u00bb border_color=\u00a0\u00bb\u00a0\u00bb border_style=\u00a0\u00bbsolid\u00a0\u00bb border_position=\u00a0\u00bball\u00a0\u00bb padding_top=\u00a0\u00bb\u00a0\u00bb padding_right=\u00a0\u00bb\u00a0\u00bb padding_bottom=\u00a0\u00bb\u00a0\u00bb padding_left=\u00a0\u00bb\u00a0\u00bb margin_top=\u00a0\u00bb0px\u00a0\u00bb margin_bottom=\u00a0\u00bb50px\u00a0\u00bb animation_type=\u00a0\u00bb\u00a0\u00bb animation_direction=\u00a0\u00bbleft\u00a0\u00bb animation_speed=\u00a0\u00bb0.3&Prime; animation_offset=\u00a0\u00bb\u00a0\u00bb last=\u00a0\u00bbtrue\u00a0\u00bb first=\u00a0\u00bbtrue\u00a0\u00bb align_self=\u00a0\u00bbflex-start\u00a0\u00bb border_sizes_top=\u00a0\u00bb\u00a0\u00bb border_sizes_bottom=\u00a0\u00bb\u00a0\u00bb border_sizes_left=\u00a0\u00bb\u00a0\u00bb border_sizes_right=\u00a0\u00bb\u00a0\u00bb type=\u00a0\u00bb1_1&Prime;][fusion_title title_type=\u00a0\u00bbtext\u00a0\u00bb rotation_effect=\u00a0\u00bbbounceIn\u00a0\u00bb display_time=\u00a0\u00bb1200&Prime; highlight_effect=\u00a0\u00bbcircle\u00a0\u00bb loop_animation=\u00a0\u00bboff\u00a0\u00bb highlight_width=\u00a0\u00bb9&Prime; highlight_top_margin=\u00a0\u00bb0&Prime; before_text=\u00a0\u00bb\u00a0\u00bb rotation_text=\u00a0\u00bb\u00a0\u00bb highlight_text=\u00a0\u00bb\u00a0\u00bb after_text=\u00a0\u00bb\u00a0\u00bb hide_on_mobile=\u00a0\u00bbsmall-visibility,medium-visibility,large-visibility\u00a0\u00bb sticky_display=\u00a0\u00bbnormal,sticky\u00a0\u00bb class=\u00a0\u00bb\u00a0\u00bb id=\u00a0\u00bb\u00a0\u00bb content_align_medium=\u00a0\u00bb\u00a0\u00bb content_align_small=\u00a0\u00bb\u00a0\u00bb content_align=\u00a0\u00bbcenter\u00a0\u00bb size=\u00a0\u00bb2&Prime; font_size=\u00a0\u00bb\u00a0\u00bb animated_font_size=\u00a0\u00bb\u00a0\u00bb fusion_font_family_title_font=\u00a0\u00bb\u00a0\u00bb fusion_font_variant_title_font=\u00a0\u00bb\u00a0\u00bb line_height=\u00a0\u00bb\u00a0\u00bb letter_spacing=\u00a0\u00bb\u00a0\u00bb margin_top_medium=\u00a0\u00bb\u00a0\u00bb margin_bottom_medium=\u00a0\u00bb\u00a0\u00bb margin_top_small=\u00a0\u00bb\u00a0\u00bb margin_bottom_small=\u00a0\u00bb\u00a0\u00bb margin_top=\u00a0\u00bb\u00a0\u00bb margin_bottom=\u00a0\u00bb\u00a0\u00bb margin_top_mobile=\u00a0\u00bb\u00a0\u00bb margin_bottom_mobile=\u00a0\u00bb\u00a0\u00bb text_color=\u00a0\u00bb\u00a0\u00bb animated_text_color=\u00a0\u00bb\u00a0\u00bb highlight_color=\u00a0\u00bb\u00a0\u00bb style_type=\u00a0\u00bbnone\u00a0\u00bb sep_color=\u00a0\u00bb\u00a0\u00bb animation_type=\u00a0\u00bb\u00a0\u00bb animation_direction=\u00a0\u00bbleft\u00a0\u00bb animation_speed=\u00a0\u00bb0.3&Prime; animation_offset=\u00a0\u00bb\u00a0\u00bb]Contactez-nous![\/fusion_title][fusion_text columns=\u00a0\u00bb\u00a0\u00bb column_min_width=\u00a0\u00bb\u00a0\u00bb column_spacing=\u00a0\u00bb\u00a0\u00bb rule_style=\u00a0\u00bbdefault\u00a0\u00bb rule_size=\u00a0\u00bb\u00a0\u00bb rule_color=\u00a0\u00bb\u00a0\u00bb content_alignment_medium=\u00a0\u00bb\u00a0\u00bb content_alignment_small=\u00a0\u00bb\u00a0\u00bb content_alignment=\u00a0\u00bb\u00a0\u00bb hide_on_mobile=\u00a0\u00bbsmall-visibility,medium-visibility,large-visibility\u00a0\u00bb sticky_display=\u00a0\u00bbnormal,sticky\u00a0\u00bb class=\u00a0\u00bb\u00a0\u00bb id=\u00a0\u00bb\u00a0\u00bb font_size=\u00a0\u00bb\u00a0\u00bb fusion_font_family_text_font=\u00a0\u00bb\u00a0\u00bb fusion_font_variant_text_font=\u00a0\u00bb\u00a0\u00bb line_height=\u00a0\u00bb\u00a0\u00bb letter_spacing=\u00a0\u00bb\u00a0\u00bb text_color=\u00a0\u00bb\u00a0\u00bb animation_type=\u00a0\u00bb\u00a0\u00bb animation_direction=\u00a0\u00bbleft\u00a0\u00bb animation_speed=\u00a0\u00bb0.3&Prime; animation_offset=\u00a0\u00bb\u00a0\u00bb]<\/p>\n<p style=\"text-align: center;\">Vous pouvez nous envoyer un email \u00e0 tout moment \u00e0 chateaulesestournels@gmail.com ou remplir le formulaire ci-dessous et expliquer votre demande. La propri\u00e9t\u00e9 est \u00e9galement disponible \u00e0 la location via Booking.com, Vova, Expedia et Cybevasion ou en nous consultant directement.<\/p>\n<p>[\/fusion_text][\/fusion_builder_column][fusion_builder_column type=\u00a0\u00bb3_5&Prime; layout=\u00a0\u00bb1_6&Prime; spacing=\u00a0\u00bb6%\u00a0\u00bb center_content=\u00a0\u00bbno\u00a0\u00bb hover_type=\u00a0\u00bbnone\u00a0\u00bb link=\u00a0\u00bb\u00a0\u00bb min_height=\u00a0\u00bb\u00a0\u00bb hide_on_mobile=\u00a0\u00bbmedium-visibility,large-visibility\u00a0\u00bb class=\u00a0\u00bb\u00a0\u00bb id=\u00a0\u00bb\u00a0\u00bb background_color=\u00a0\u00bb\u00a0\u00bb background_image=\u00a0\u00bb\u00a0\u00bb background_position=\u00a0\u00bbleft top\u00a0\u00bb undefined=\u00a0\u00bb\u00a0\u00bb background_repeat=\u00a0\u00bbno-repeat\u00a0\u00bb border_color=\u00a0\u00bb\u00a0\u00bb border_style=\u00a0\u00bbsolid\u00a0\u00bb border_position=\u00a0\u00bball\u00a0\u00bb padding_top=\u00a0\u00bb\u00a0\u00bb padding_right=\u00a0\u00bb\u00a0\u00bb padding_bottom=\u00a0\u00bb\u00a0\u00bb padding_left=\u00a0\u00bb\u00a0\u00bb margin_top=\u00a0\u00bb\u00a0\u00bb margin_bottom=\u00a0\u00bb\u00a0\u00bb animation_type=\u00a0\u00bb\u00a0\u00bb animation_direction=\u00a0\u00bbleft\u00a0\u00bb animation_speed=\u00a0\u00bb0.1&Prime; animation_offset=\u00a0\u00bb\u00a0\u00bb last=\u00a0\u00bbfalse\u00a0\u00bb element_content=\u00a0\u00bb\u00a0\u00bb first=\u00a0\u00bbtrue\u00a0\u00bb border_sizes_top=\u00a0\u00bb0&Prime; border_sizes_bottom=\u00a0\u00bb0&Prime; border_sizes_left=\u00a0\u00bb0&Prime; border_sizes_right=\u00a0\u00bb0&Prime; spacing_right=\u00a0\u00bb4%\u00a0\u00bb type=\u00a0\u00bb3_5&Prime;]\n<div class=\"wpcf7 no-js\" id=\"wpcf7-f231-o1\" lang=\"en-US\" dir=\"ltr\" data-wpcf7-id=\"231\">\n<div class=\"screen-reader-response\"><p role=\"status\" aria-live=\"polite\" aria-atomic=\"true\"><\/p> <ul><\/ul><\/div>\n<form action=\"\/fr\/wp-json\/wp\/v2\/pages\/972#wpcf7-f231-o1\" method=\"post\" class=\"wpcf7-form init\" aria-label=\"Contact form\" novalidate=\"novalidate\" data-status=\"init\">\n<fieldset class=\"hidden-fields-container\"><input type=\"hidden\" name=\"_wpcf7\" value=\"231\" \/><input type=\"hidden\" name=\"_wpcf7_version\" value=\"6.1.5\" \/><input type=\"hidden\" name=\"_wpcf7_locale\" value=\"en_US\" \/><input type=\"hidden\" name=\"_wpcf7_unit_tag\" value=\"wpcf7-f231-o1\" \/><input type=\"hidden\" name=\"_wpcf7_container_post\" value=\"0\" \/><input type=\"hidden\" name=\"_wpcf7_posted_data_hash\" value=\"\" \/>\n<\/fieldset>\n<p><label> Your Name (required)<br \/>\n<span class=\"wpcf7-form-control-wrap\" data-name=\"your-name\"><input size=\"40\" maxlength=\"400\" class=\"wpcf7-form-control wpcf7-text wpcf7-validates-as-required\" aria-required=\"true\" aria-invalid=\"false\" value=\"\" type=\"text\" name=\"your-name\" \/><\/span> <\/label>\n<\/p>\n<p><label> Your Email (required)<br \/>\n<span class=\"wpcf7-form-control-wrap\" data-name=\"your-email\"><input size=\"40\" maxlength=\"400\" class=\"wpcf7-form-control wpcf7-email wpcf7-validates-as-required wpcf7-text wpcf7-validates-as-email\" aria-required=\"true\" aria-invalid=\"false\" value=\"\" type=\"email\" name=\"your-email\" \/><\/span> <\/label>\n<\/p>\n<p><label> Subject<br \/>\n<span class=\"wpcf7-form-control-wrap\" data-name=\"your-subject\"><input size=\"40\" maxlength=\"400\" class=\"wpcf7-form-control wpcf7-text\" aria-invalid=\"false\" value=\"\" type=\"text\" name=\"your-subject\" \/><\/span> <\/label>\n<\/p>\n<p><label> Your Message<br \/>\n<span class=\"wpcf7-form-control-wrap\" data-name=\"your-message\"><textarea cols=\"40\" rows=\"10\" maxlength=\"2000\" class=\"wpcf7-form-control wpcf7-textarea\" aria-invalid=\"false\" name=\"your-message\"><\/textarea><\/span> <\/label>\n<\/p>\n<p><input class=\"wpcf7-form-control wpcf7-submit has-spinner\" type=\"submit\" value=\"Send\" \/>\n<\/p><p style=\"display: none !important;\" class=\"akismet-fields-container\" data-prefix=\"_wpcf7_ak_\"><label>&#916;<textarea name=\"_wpcf7_ak_hp_textarea\" cols=\"45\" rows=\"8\" maxlength=\"100\"><\/textarea><\/label><input type=\"hidden\" id=\"ak_js_1\" name=\"_wpcf7_ak_js\" value=\"50\"\/><script type=\"text\/javascript\">\n\/* <![CDATA[ *\/\ndocument.getElementById( \"ak_js_1\" ).setAttribute( \"value\", ( new Date() ).getTime() );\n\/* ]]> *\/\n<\/script>\n<\/p><div class=\"wpcf7-response-output\" aria-hidden=\"true\"><\/div>\n<\/form>\n<\/div>\n[\/fusion_builder_column][fusion_builder_column type=\u00a0\u00bb2_5&Prime; layout=\u00a0\u00bb1_3&Prime; spacing=\u00a0\u00bb6%\u00a0\u00bb center_content=\u00a0\u00bbno\u00a0\u00bb link=\u00a0\u00bb\u00a0\u00bb target=\u00a0\u00bb_self\u00a0\u00bb min_height=\u00a0\u00bb\u00a0\u00bb hide_on_mobile=\u00a0\u00bbsmall-visibility,medium-visibility,large-visibility\u00a0\u00bb class=\u00a0\u00bb\u00a0\u00bb id=\u00a0\u00bb\u00a0\u00bb background_color=\u00a0\u00bb\u00a0\u00bb background_image=\u00a0\u00bb\u00a0\u00bb background_image_id=\u00a0\u00bb\u00a0\u00bb background_position=\u00a0\u00bbleft top\u00a0\u00bb background_repeat=\u00a0\u00bbno-repeat\u00a0\u00bb hover_type=\u00a0\u00bbnone\u00a0\u00bb border_color=\u00a0\u00bb#ededed\u00a0\u00bb border_style=\u00a0\u00bbsolid\u00a0\u00bb border_position=\u00a0\u00bball\u00a0\u00bb box_shadow=\u00a0\u00bbyes\u00a0\u00bb box_shadow_blur=\u00a0\u00bb51&Prime; box_shadow_spread=\u00a0\u00bb3&Prime; box_shadow_color=\u00a0\u00bbrgba(0,0,0,0.15)\u00a0\u00bb box_shadow_style=\u00a0\u00bb\u00a0\u00bb animation_type=\u00a0\u00bb\u00a0\u00bb animation_direction=\u00a0\u00bbleft\u00a0\u00bb animation_speed=\u00a0\u00bb0.3&Prime; animation_offset=\u00a0\u00bb\u00a0\u00bb first=\u00a0\u00bbfalse\u00a0\u00bb last=\u00a0\u00bbtrue\u00a0\u00bb border_radius_top_left=\u00a0\u00bb12px\u00a0\u00bb border_radius_top_right=\u00a0\u00bb12px\u00a0\u00bb border_radius_bottom_left=\u00a0\u00bb12px\u00a0\u00bb border_radius_bottom_right=\u00a0\u00bb12px\u00a0\u00bb box_shadow_vertical=\u00a0\u00bb10px\u00a0\u00bb box_shadow_horizontal=\u00a0\u00bb0&Prime; padding_top=\u00a0\u00bb27px\u00a0\u00bb padding_bottom=\u00a0\u00bb18px\u00a0\u00bb padding_right=\u00a0\u00bb25px\u00a0\u00bb padding_left=\u00a0\u00bb25px\u00a0\u00bb border_sizes_top=\u00a0\u00bb1&Prime; border_sizes_bottom=\u00a0\u00bb1&Prime; border_sizes_left=\u00a0\u00bb1&Prime; border_sizes_right=\u00a0\u00bb1&Prime; spacing_left=\u00a0\u00bb2%\u00a0\u00bb type=\u00a0\u00bb2_5&Prime;][fusion_title title_type=\u00a0\u00bbtext\u00a0\u00bb rotation_effect=\u00a0\u00bbbounceIn\u00a0\u00bb display_time=\u00a0\u00bb1200&Prime; highlight_effect=\u00a0\u00bbcircle\u00a0\u00bb loop_animation=\u00a0\u00bboff\u00a0\u00bb highlight_width=\u00a0\u00bb9&Prime; highlight_top_margin=\u00a0\u00bb0&Prime; before_text=\u00a0\u00bb\u00a0\u00bb rotation_text=\u00a0\u00bb\u00a0\u00bb highlight_text=\u00a0\u00bb\u00a0\u00bb after_text=\u00a0\u00bb\u00a0\u00bb hide_on_mobile=\u00a0\u00bbsmall-visibility,medium-visibility,large-visibility\u00a0\u00bb sticky_display=\u00a0\u00bbnormal,sticky\u00a0\u00bb class=\u00a0\u00bb\u00a0\u00bb id=\u00a0\u00bb\u00a0\u00bb content_align_medium=\u00a0\u00bb\u00a0\u00bb content_align_small=\u00a0\u00bb\u00a0\u00bb content_align=\u00a0\u00bbcenter\u00a0\u00bb size=\u00a0\u00bb3&Prime; font_size=\u00a0\u00bb\u00a0\u00bb animated_font_size=\u00a0\u00bb\u00a0\u00bb fusion_font_family_title_font=\u00a0\u00bb\u00a0\u00bb fusion_font_variant_title_font=\u00a0\u00bb\u00a0\u00bb line_height=\u00a0\u00bb\u00a0\u00bb letter_spacing=\u00a0\u00bb\u00a0\u00bb margin_top_medium=\u00a0\u00bb\u00a0\u00bb margin_bottom_medium=\u00a0\u00bb\u00a0\u00bb margin_top_small=\u00a0\u00bb\u00a0\u00bb margin_bottom_small=\u00a0\u00bb\u00a0\u00bb margin_top=\u00a0\u00bb\u00a0\u00bb margin_bottom=\u00a0\u00bb10px\u00a0\u00bb margin_top_mobile=\u00a0\u00bb\u00a0\u00bb margin_bottom_mobile=\u00a0\u00bb\u00a0\u00bb text_color=\u00a0\u00bb\u00a0\u00bb animated_text_color=\u00a0\u00bb\u00a0\u00bb highlight_color=\u00a0\u00bb\u00a0\u00bb style_type=\u00a0\u00bbnone\u00a0\u00bb sep_color=\u00a0\u00bb\u00a0\u00bb animation_type=\u00a0\u00bb\u00a0\u00bb animation_direction=\u00a0\u00bbleft\u00a0\u00bb animation_speed=\u00a0\u00bb0.3&Prime; animation_offset=\u00a0\u00bb\u00a0\u00bb]<\/p>\n<p>Contact Us<\/p>\n<p>[\/fusion_title][fusion_text columns=\u00a0\u00bb\u00a0\u00bb column_min_width=\u00a0\u00bb\u00a0\u00bb column_spacing=\u00a0\u00bb\u00a0\u00bb rule_style=\u00a0\u00bbdefault\u00a0\u00bb rule_size=\u00a0\u00bb\u00a0\u00bb rule_color=\u00a0\u00bb\u00a0\u00bb content_alignment_medium=\u00a0\u00bb\u00a0\u00bb content_alignment_small=\u00a0\u00bb\u00a0\u00bb content_alignment=\u00a0\u00bb\u00a0\u00bb hide_on_mobile=\u00a0\u00bbsmall-visibility,medium-visibility,large-visibility\u00a0\u00bb sticky_display=\u00a0\u00bbnormal,sticky\u00a0\u00bb class=\u00a0\u00bb\u00a0\u00bb id=\u00a0\u00bb\u00a0\u00bb font_size=\u00a0\u00bb\u00a0\u00bb fusion_font_family_text_font=\u00a0\u00bb\u00a0\u00bb fusion_font_variant_text_font=\u00a0\u00bb\u00a0\u00bb line_height=\u00a0\u00bb\u00a0\u00bb letter_spacing=\u00a0\u00bb\u00a0\u00bb text_color=\u00a0\u00bb\u00a0\u00bb animation_type=\u00a0\u00bb\u00a0\u00bb animation_direction=\u00a0\u00bbleft\u00a0\u00bb animation_speed=\u00a0\u00bb0.3&Prime; animation_offset=\u00a0\u00bb\u00a0\u00bb]<\/p>\n<p style=\"text-align: center;\">If you have questions, please get in touch with us via the methods below:<\/p>\n<p>[\/fusion_text][fusion_checklist icon=\u00a0\u00bb\u00a0\u00bb iconcolor=\u00a0\u00bb#9ebac5&Prime; circle=\u00a0\u00bbno\u00a0\u00bb circlecolor=\u00a0\u00bb\u00a0\u00bb size=\u00a0\u00bb21px\u00a0\u00bb divider=\u00a0\u00bb\u00a0\u00bb divider_color=\u00a0\u00bb\u00a0\u00bb hide_on_mobile=\u00a0\u00bbsmall-visibility,medium-visibility,large-visibility\u00a0\u00bb class=\u00a0\u00bb\u00a0\u00bb id=\u00a0\u00bb\u00a0\u00bb][fusion_li_item icon=\u00a0\u00bbfa-map-marker-alt fas\u00a0\u00bb]<\/p>\n<p>Montcuq, France<\/p>\n<p>[\/fusion_li_item][fusion_li_item icon=\u00a0\u00bbfa-mobile-alt fas\u00a0\u00bb]<\/p>\n<p>+33 7 83 23 39 36<\/p>\n<p>[\/fusion_li_item][fusion_li_item icon=\u00a0\u00bbfa-envelope fas\u00a0\u00bb]<\/p>\n<p>chateaulesestournels@gmail.com<\/p>\n<p>[\/fusion_li_item][fusion_li_item icon=\u00a0\u00bbfa-users fas\u00a0\u00bb]<\/p>\n<p><a href=\"https:\/\/www.instagram.com\/chateaulesestournels\/\">Follow us on Instagram<\/a><\/p>\n<p>[\/fusion_li_item][\/fusion_checklist][\/fusion_builder_column][\/fusion_builder_row][\/fusion_builder_container][fusion_global id=\u00a0\u00bb337&Prime;]<\/p>\n","protected":false},"excerpt":{"rendered":"<p>[fusion_builder_container admin_label=\u00a0\u00bbSend us an email\u00a0\u00bb type=\u00a0\u00bbflex\u00a0\u00bb hundred_percent=\u00a0\u00bbno\u00a0\u00bb hundred_percent_height=\u00a0\u00bbno\u00a0\u00bb min_height=\u00a0\u00bb\u00a0\u00bb hundred_percent_height_scroll=\u00a0\u00bbno\u00a0\u00bb  [&#8230;]<\/p>\n","protected":false},"author":190225106,"featured_media":0,"parent":0,"menu_order":0,"comment_status":"closed","ping_status":"closed","template":"100-width.php","meta":{"_coblocks_attr":"","_coblocks_dimensions":"","_coblocks_responsive_height":"","_coblocks_accordion_ie_support":"","_crdt_document":"","ngg_post_thumbnail":0,"footnotes":""},"class_list":["post-972","page","type-page","status-publish","hentry"],"yoast_head":"<!-- This site is optimized with the Yoast SEO plugin v27.5 - https:\/\/yoast.com\/product\/yoast-seo-wordpress\/ -->\n<title>Contact Chateaulessestournels| Rent Villa in Lot Valley France<\/title>\n<meta name=\"description\" content=\"Contact Chateaulessestournels for rent villa in Lot Valley South of France. Our castle is available for rent throughout the year. Call or write us for queries.\" \/>\n<meta name=\"robots\" content=\"index, follow, max-snippet:-1, max-image-preview:large, max-video-preview:-1\" \/>\n<link rel=\"canonical\" href=\"https:\/\/chateaulesestournels.com\/fr\/contact\/\" \/>\n<meta property=\"og:locale\" content=\"fr_FR\" \/>\n<meta property=\"og:type\" content=\"article\" \/>\n<meta property=\"og:title\" content=\"Contact Chateaulessestournels| Rent Villa in Lot Valley France\" \/>\n<meta property=\"og:description\" content=\"Contact Chateaulessestournels for rent villa in Lot Valley South of France. Our castle is available for rent throughout the year. Call or write us for queries.\" \/>\n<meta property=\"og:url\" content=\"https:\/\/chateaulesestournels.com\/fr\/contact\/\" \/>\n<meta property=\"og:site_name\" content=\"Ch\u00e2teau des Estournels\" \/>\n<meta property=\"article:modified_time\" content=\"2020-10-03T04:35:33+00:00\" \/>\n<meta name=\"twitter:card\" content=\"summary_large_image\" \/>\n<meta name=\"twitter:label1\" content=\"Dur\u00e9e de lecture estim\u00e9e\" \/>\n\t<meta name=\"twitter:data1\" content=\"6 minutes\" \/>\n<script type=\"application\/ld+json\" class=\"yoast-schema-graph\">{\"@context\":\"https:\\\/\\\/schema.org\",\"@graph\":[{\"@type\":\"WebPage\",\"@id\":\"https:\\\/\\\/chateaulesestournels.com\\\/fr\\\/contact\\\/\",\"url\":\"https:\\\/\\\/chateaulesestournels.com\\\/fr\\\/contact\\\/\",\"name\":\"Contact Chateaulessestournels| Rent Villa in Lot Valley France\",\"isPartOf\":{\"@id\":\"https:\\\/\\\/chateaulesestournels.com\\\/#website\"},\"datePublished\":\"2020-09-04T06:17:30+00:00\",\"dateModified\":\"2020-10-03T04:35:33+00:00\",\"description\":\"Contact Chateaulessestournels for rent villa in Lot Valley South of France. Our castle is available for rent throughout the year. Call or write us for queries.\",\"breadcrumb\":{\"@id\":\"https:\\\/\\\/chateaulesestournels.com\\\/fr\\\/contact\\\/#breadcrumb\"},\"inLanguage\":\"fr-FR\",\"potentialAction\":[{\"@type\":\"ReadAction\",\"target\":[\"https:\\\/\\\/chateaulesestournels.com\\\/fr\\\/contact\\\/\"]}]},{\"@type\":\"BreadcrumbList\",\"@id\":\"https:\\\/\\\/chateaulesestournels.com\\\/fr\\\/contact\\\/#breadcrumb\",\"itemListElement\":[{\"@type\":\"ListItem\",\"position\":1,\"name\":\"Home\",\"item\":\"https:\\\/\\\/chateaulesestournels.com\\\/fr\\\/\"},{\"@type\":\"ListItem\",\"position\":2,\"name\":\"Contact\"}]},{\"@type\":\"WebSite\",\"@id\":\"https:\\\/\\\/chateaulesestournels.com\\\/#website\",\"url\":\"https:\\\/\\\/chateaulesestournels.com\\\/\",\"name\":\"Ch\u00e2teau des Estournels\",\"description\":\"\",\"potentialAction\":[{\"@type\":\"SearchAction\",\"target\":{\"@type\":\"EntryPoint\",\"urlTemplate\":\"https:\\\/\\\/chateaulesestournels.com\\\/?s={search_term_string}\"},\"query-input\":{\"@type\":\"PropertyValueSpecification\",\"valueRequired\":true,\"valueName\":\"search_term_string\"}}],\"inLanguage\":\"fr-FR\"}]}<\/script>\n<!-- \/ Yoast SEO plugin. -->","yoast_head_json":{"title":"Contact Chateaulessestournels| Rent Villa in Lot Valley France","description":"Contact Chateaulessestournels for rent villa in Lot Valley South of France. Our castle is available for rent throughout the year. Call or write us for queries.","robots":{"index":"index","follow":"follow","max-snippet":"max-snippet:-1","max-image-preview":"max-image-preview:large","max-video-preview":"max-video-preview:-1"},"canonical":"https:\/\/chateaulesestournels.com\/fr\/contact\/","og_locale":"fr_FR","og_type":"article","og_title":"Contact Chateaulessestournels| Rent Villa in Lot Valley France","og_description":"Contact Chateaulessestournels for rent villa in Lot Valley South of France. Our castle is available for rent throughout the year. Call or write us for queries.","og_url":"https:\/\/chateaulesestournels.com\/fr\/contact\/","og_site_name":"Ch\u00e2teau des Estournels","article_modified_time":"2020-10-03T04:35:33+00:00","twitter_card":"summary_large_image","twitter_misc":{"Dur\u00e9e de lecture estim\u00e9e":"6 minutes"},"schema":{"@context":"https:\/\/schema.org","@graph":[{"@type":"WebPage","@id":"https:\/\/chateaulesestournels.com\/fr\/contact\/","url":"https:\/\/chateaulesestournels.com\/fr\/contact\/","name":"Contact Chateaulessestournels| Rent Villa in Lot Valley France","isPartOf":{"@id":"https:\/\/chateaulesestournels.com\/#website"},"datePublished":"2020-09-04T06:17:30+00:00","dateModified":"2020-10-03T04:35:33+00:00","description":"Contact Chateaulessestournels for rent villa in Lot Valley South of France. Our castle is available for rent throughout the year. Call or write us for queries.","breadcrumb":{"@id":"https:\/\/chateaulesestournels.com\/fr\/contact\/#breadcrumb"},"inLanguage":"fr-FR","potentialAction":[{"@type":"ReadAction","target":["https:\/\/chateaulesestournels.com\/fr\/contact\/"]}]},{"@type":"BreadcrumbList","@id":"https:\/\/chateaulesestournels.com\/fr\/contact\/#breadcrumb","itemListElement":[{"@type":"ListItem","position":1,"name":"Home","item":"https:\/\/chateaulesestournels.com\/fr\/"},{"@type":"ListItem","position":2,"name":"Contact"}]},{"@type":"WebSite","@id":"https:\/\/chateaulesestournels.com\/#website","url":"https:\/\/chateaulesestournels.com\/","name":"Ch\u00e2teau des Estournels","description":"","potentialAction":[{"@type":"SearchAction","target":{"@type":"EntryPoint","urlTemplate":"https:\/\/chateaulesestournels.com\/?s={search_term_string}"},"query-input":{"@type":"PropertyValueSpecification","valueRequired":true,"valueName":"search_term_string"}}],"inLanguage":"fr-FR"}]}},"jetpack_shortlink":"https:\/\/wp.me\/Pbskbf-fG","jetpack_sharing_enabled":true,"amp_enabled":false,"_links":{"self":[{"href":"https:\/\/chateaulesestournels.com\/fr\/wp-json\/wp\/v2\/pages\/972","targetHints":{"allow":["GET"]}}],"collection":[{"href":"https:\/\/chateaulesestournels.com\/fr\/wp-json\/wp\/v2\/pages"}],"about":[{"href":"https:\/\/chateaulesestournels.com\/fr\/wp-json\/wp\/v2\/types\/page"}],"author":[{"embeddable":true,"href":"https:\/\/chateaulesestournels.com\/fr\/wp-json\/wp\/v2\/users\/190225106"}],"replies":[{"embeddable":true,"href":"https:\/\/chateaulesestournels.com\/fr\/wp-json\/wp\/v2\/comments?post=972"}],"version-history":[{"count":3,"href":"https:\/\/chateaulesestournels.com\/fr\/wp-json\/wp\/v2\/pages\/972\/revisions"}],"predecessor-version":[{"id":975,"href":"https:\/\/chateaulesestournels.com\/fr\/wp-json\/wp\/v2\/pages\/972\/revisions\/975"}],"wp:attachment":[{"href":"https:\/\/chateaulesestournels.com\/fr\/wp-json\/wp\/v2\/media?parent=972"}],"curies":[{"name":"wp","href":"https:\/\/api.w.org\/{rel}","templated":true}]}}